{"id":2,"date":"2023-03-13T12:32:47","date_gmt":"2023-03-13T12:32:47","guid":{"rendered":"https:\/\/rousseaudeveloppements.com\/domaine-de-la-riviere-des-pins\/?page_id=2"},"modified":"2026-01-14T20:42:55","modified_gmt":"2026-01-14T20:42:55","slug":"domaine-de-la-riviere-des-pins-2","status":"publish","type":"page","link":"https:\/\/rousseaudeveloppements.com\/domaine-de-la-riviere-des-pins\/","title":{"rendered":"Domaine de la rivi\u00e8re des pins"},"content":{"rendered":"<div id=\"cs-content\" class=\"cs-content\"><div class=\"x-section e2-e1 m2-0 m2-1\"><div class=\"x-row e2-e2 m2-6 m2-7 m2-9\"><div class=\"x-row-inner\"><div class=\"x-col e2-e3 m2-b m2-c m2-d m2-e\"><div class=\"x-text x-text-headline e2-e4 m2-l m2-m m2-n\"><div class=\"x-text-content\"><div class=\"x-text-content-text\"><h1 class=\"x-text-content-text-primary\">NOUVEAU!<\/h1>\n<\/div><\/div><\/div><div class=\"x-text x-content e2-e5 m2-q m2-r\"><strong>Acc&egrave;s au lac Carillon<\/strong><\/div><\/div><div class=\"x-col e2-e6 m2-b m2-c m2-f m2-g\"><div class=\"x-text x-text-headline e2-e7 m2-l m2-m m2-o\"><div class=\"x-text-content\"><div class=\"x-text-content-text\"><h1 class=\"x-text-content-text-primary\">domaine de la rivi&egrave;re des pins<\/h1>\n<\/div><\/div><\/div><div class=\"x-text x-content e2-e8 m2-r m2-s\"><p><strong>30<\/strong> magnifiques terrains enti\u00e8rement bois\u00e9s dont <strong>7 riverains<\/strong> \u00e0 la rivi\u00e8re des Pins!<br \/>\nSite exceptionnel pour sa beaut\u00e9 et sa diversit\u00e9!<\/p>\n<p>Tout nos terrains sont constructibles 4 saisons incluant les services d\u2019Hydro-Qu\u00e9bec et ont un minimum de <strong>200\u2019 de fa\u00e7ade<\/strong> et sont tous tr\u00e8s intimes. Chaque terrain a son chemin d\u2019acc\u00e8s ainsi qu\u2019un plateau constructible d\u00e9j\u00e0 r\u00e9alis\u00e9 pour laisser place \u00e0 vos futurs projets ! Procurez-vous un lot de 2 \u00e0 4 acres. Nous n\u2019imposons <strong>aucun d\u00e9lai de construction.<\/strong><\/p>\n<p><strong>Ceci pourrait \u00eatre le d\u00e9but de votre projet de r\u00eave!<\/strong><\/p>\n<p>Faites-en votre projet de retraite, votre chalet familial, ou un investissement avec la <strong>location court terme<\/strong>. <br \/>\nDe plus, les <strong>micros habitations sont autoris\u00e9es<\/strong>.<\/p>\n<p>Informez-vous au sujet de nos partenariats aupr\u00e8s des constructeurs pour des projets clefs en main, ou en auto construction selon votre choix.<\/p><\/div><a class=\"x-image e2-e10 m2-t m2-v m2-4\" data-x-effect=\"{&quot;durationBase&quot;:&quot;300ms&quot;}\" href=\"https:\/\/produitsboreal.com\/\" target=\"_blank\" rel=\"noopener noreferrer\"><img decoding=\"async\" src=\"https:\/\/rousseaudeveloppements.com\/domaine-de-la-riviere-des-pins\/wp-content\/uploads\/2025\/01\/boreal2.png\" width=\"400\" height=\"189\" alt=\"Image\" loading=\"lazy\"><\/a><\/div><\/div><\/div><\/div><div class=\"x-section e2-e11 m2-0 m2-2\"><div class=\"x-row e2-e12 m2-6 m2-8 m2-a\"><div class=\"x-row-inner\"><a class=\"x-col e2-e13 m2-b m2-d m2-g m2-h m2-i m2-5\" href=\"https:\/\/rousseaudeveloppements.com\/domaine-de-la-riviere-des-pins\/terrains\/\" data-x-effect=\"{&quot;durationBase&quot;:&quot;300ms&quot;}\"><div class=\"x-bg\" aria-hidden=\"true\"><div class=\"x-bg-layer-lower-image\"><\/div><\/div><div class=\"x-text x-text-headline e2-e14 m2-l m2-p\"><div class=\"x-text-content\"><div class=\"x-text-content-text\"><h1 class=\"x-text-content-text-primary\">TERRAINS<\/h1>\n<\/div><\/div><\/div><\/a><a class=\"x-col e2-e15 m2-b m2-d m2-g m2-h m2-j m2-5\" href=\"https:\/\/rousseaudeveloppements.com\/domaine-de-la-riviere-des-pins\/attraits-2\/\" data-x-effect=\"{&quot;durationBase&quot;:&quot;300ms&quot;}\"><div class=\"x-bg\" aria-hidden=\"true\"><div class=\"x-bg-layer-lower-image\"><\/div><\/div><div class=\"x-text x-text-headline e2-e16 m2-l m2-p\"><div class=\"x-text-content\"><div class=\"x-text-content-text\"><h1 class=\"x-text-content-text-primary\">ATTRAITS<\/h1>\n<\/div><\/div><\/div><\/a><div class=\"x-col e2-e17 m2-b m2-d m2-g m2-h m2-k m2-5\" data-x-effect=\"{&quot;durationBase&quot;:&quot;300ms&quot;}\"><div class=\"x-bg\" aria-hidden=\"true\"><div class=\"x-bg-layer-lower-image\"><\/div><\/div><a href=\"https:\/\/rousseaudeveloppements.com\/domaine-de-la-riviere-des-pins\/expertise-2\/\" class=\"x-text x-text-headline e2-e18 m2-l m2-p\"><div class=\"x-text-content\"><div class=\"x-text-content-text\"><h1 class=\"x-text-content-text-primary\">EXPERTISE<\/h1>\n<\/div><\/div><\/a><\/div><\/div><\/div><\/div><\/div>\n","protected":false},"excerpt":{"rendered":"<p>NOUVEAU! Acc&egrave;s au lac Carillondomaine de la rivi&egrave;re des pins 30 magnifiques terrains enti\u00e8rement bois\u00e9s dont 7 riverains \u00e0 la rivi\u00e8re des Pins! Site exceptionnel pour sa beaut\u00e9 et sa diversit\u00e9! Tout nos terrains sont constructibles 4 saisons incluant les services d\u2019Hydro-Qu\u00e9bec et ont un minimum de 200\u2019 de fa\u00e7ade et sont tous tr\u00e8s intimes. Chaque terrain a son chemin &#8230; <\/p>\n<div><a href=\"https:\/\/rousseaudeveloppements.com\/domaine-de-la-riviere-des-pins\/\" class=\"more-link\">Read More<\/a><\/div>\n","protected":false},"author":1,"featured_media":0,"parent":0,"menu_order":0,"comment_status":"closed","ping_status":"open","template":"","meta":{"cybocfi_hide_featured_image":"","footnotes":""},"categories":[],"tags":[],"folder":[2],"class_list":["post-2","page","type-page","status-publish","hentry","no-post-thumbnail"],"yoast_head":"<!-- This site is optimized with the Yoast SEO plugin v27.5 - https:\/\/yoast.com\/product\/yoast-seo-wordpress\/ -->\n<title>Domaine de la rivi\u00e8re des pins - Domaine de la rivi\u00e8re des pins<\/title>\n<meta name=\"robots\" content=\"index, follow, max-snippet:-1, max-image-preview:large, max-video-preview:-1\" \/>\n<link rel=\"canonical\" href=\"https:\/\/rousseaudeveloppements.com\/domaine-de-la-riviere-des-pins\/\" \/>\n<meta property=\"og:locale\" content=\"fr_FR\" \/>\n<meta property=\"og:type\" content=\"article\" \/>\n<meta property=\"og:title\" content=\"Domaine de la rivi\u00e8re des pins - Domaine de la rivi\u00e8re des pins\" \/>\n<meta property=\"og:description\" content=\"NOUVEAU! Acc&egrave;s au lac Carillondomaine de la rivi&egrave;re des pins 30 magnifiques terrains enti\u00e8rement bois\u00e9s dont 7 riverains \u00e0 la rivi\u00e8re des Pins! Site exceptionnel pour sa beaut\u00e9 et sa diversit\u00e9! Tout nos terrains sont constructibles 4 saisons incluant les services d\u2019Hydro-Qu\u00e9bec et ont un minimum de 200\u2019 de fa\u00e7ade et sont tous tr\u00e8s intimes. Chaque terrain a son chemin ... Read More\" \/>\n<meta property=\"og:url\" content=\"https:\/\/rousseaudeveloppements.com\/domaine-de-la-riviere-des-pins\/\" \/>\n<meta property=\"og:site_name\" content=\"Domaine de la rivi\u00e8re des pins\" \/>\n<meta property=\"article:publisher\" content=\"https:\/\/www.facebook.com\/domainedulacamatte\" \/>\n<meta property=\"article:modified_time\" content=\"2026-01-14T20:42:55+00:00\" \/>\n<meta name=\"twitter:card\" content=\"summary_large_image\" \/>\n<meta name=\"twitter:label1\" content=\"Dur\u00e9e de lecture estim\u00e9e\" \/>\n\t<meta name=\"twitter:data1\" content=\"2 minutes\" \/>\n<script type=\"application\/ld+json\" class=\"yoast-schema-graph\">{\"@context\":\"https:\\\/\\\/schema.org\",\"@graph\":[{\"@type\":\"WebPage\",\"@id\":\"https:\\\/\\\/rousseaudeveloppements.com\\\/domaine-de-la-riviere-des-pins\\\/\",\"url\":\"https:\\\/\\\/rousseaudeveloppements.com\\\/domaine-de-la-riviere-des-pins\\\/\",\"name\":\"Domaine de la rivi\u00e8re des pins - Domaine de la rivi\u00e8re des pins\",\"isPartOf\":{\"@id\":\"https:\\\/\\\/rousseaudeveloppements.com\\\/domaine-de-la-riviere-des-pins\\\/#website\"},\"datePublished\":\"2023-03-13T12:32:47+00:00\",\"dateModified\":\"2026-01-14T20:42:55+00:00\",\"breadcrumb\":{\"@id\":\"https:\\\/\\\/rousseaudeveloppements.com\\\/domaine-de-la-riviere-des-pins\\\/#breadcrumb\"},\"inLanguage\":\"fr-FR\",\"potentialAction\":[{\"@type\":\"ReadAction\",\"target\":[\"https:\\\/\\\/rousseaudeveloppements.com\\\/domaine-de-la-riviere-des-pins\\\/\"]}]},{\"@type\":\"BreadcrumbList\",\"@id\":\"https:\\\/\\\/rousseaudeveloppements.com\\\/domaine-de-la-riviere-des-pins\\\/#breadcrumb\",\"itemListElement\":[{\"@type\":\"ListItem\",\"position\":1,\"name\":\"Accueil\",\"item\":\"https:\\\/\\\/rousseaudeveloppements.com\\\/domaine-de-la-riviere-des-pins\\\/\"},{\"@type\":\"ListItem\",\"position\":2,\"name\":\"Domaine de la rivi\u00e8re des pins\"}]},{\"@type\":\"WebSite\",\"@id\":\"https:\\\/\\\/rousseaudeveloppements.com\\\/domaine-de-la-riviere-des-pins\\\/#website\",\"url\":\"https:\\\/\\\/rousseaudeveloppements.com\\\/domaine-de-la-riviere-des-pins\\\/\",\"name\":\"Domaine de la rivi\u00e8re des pins\",\"description\":\"Domaine de la rivi\u00e8re des pins\",\"publisher\":{\"@id\":\"https:\\\/\\\/rousseaudeveloppements.com\\\/domaine-de-la-riviere-des-pins\\\/#organization\"},\"potentialAction\":[{\"@type\":\"SearchAction\",\"target\":{\"@type\":\"EntryPoint\",\"urlTemplate\":\"https:\\\/\\\/rousseaudeveloppements.com\\\/domaine-de-la-riviere-des-pins\\\/?s={search_term_string}\"},\"query-input\":{\"@type\":\"PropertyValueSpecification\",\"valueRequired\":true,\"valueName\":\"search_term_string\"}}],\"inLanguage\":\"fr-FR\"},{\"@type\":\"Organization\",\"@id\":\"https:\\\/\\\/rousseaudeveloppements.com\\\/domaine-de-la-riviere-des-pins\\\/#organization\",\"name\":\"Domaine de la rivi\u00e8re des pins\",\"url\":\"https:\\\/\\\/rousseaudeveloppements.com\\\/domaine-de-la-riviere-des-pins\\\/\",\"logo\":{\"@type\":\"ImageObject\",\"inLanguage\":\"fr-FR\",\"@id\":\"https:\\\/\\\/rousseaudeveloppements.com\\\/domaine-de-la-riviere-des-pins\\\/#\\\/schema\\\/logo\\\/image\\\/\",\"url\":\"https:\\\/\\\/rousseaudeveloppements.com\\\/domaine-de-la-riviere-des-pins\\\/wp-content\\\/uploads\\\/2023\\\/03\\\/cropped-domaine-lac-a-matte-512.jpg\",\"contentUrl\":\"https:\\\/\\\/rousseaudeveloppements.com\\\/domaine-de-la-riviere-des-pins\\\/wp-content\\\/uploads\\\/2023\\\/03\\\/cropped-domaine-lac-a-matte-512.jpg\",\"width\":512,\"height\":512,\"caption\":\"Domaine de la rivi\u00e8re des pins\"},\"image\":{\"@id\":\"https:\\\/\\\/rousseaudeveloppements.com\\\/domaine-de-la-riviere-des-pins\\\/#\\\/schema\\\/logo\\\/image\\\/\"},\"sameAs\":[\"https:\\\/\\\/www.facebook.com\\\/domainedulacamatte\",\"https:\\\/\\\/www.instagram.com\\\/domainedulacamatte\\\/\"]}]}<\/script>\n<!-- \/ Yoast SEO plugin. -->","yoast_head_json":{"title":"Domaine de la rivi\u00e8re des pins - Domaine de la rivi\u00e8re des pins","robots":{"index":"index","follow":"follow","max-snippet":"max-snippet:-1","max-image-preview":"max-image-preview:large","max-video-preview":"max-video-preview:-1"},"canonical":"https:\/\/rousseaudeveloppements.com\/domaine-de-la-riviere-des-pins\/","og_locale":"fr_FR","og_type":"article","og_title":"Domaine de la rivi\u00e8re des pins - Domaine de la rivi\u00e8re des pins","og_description":"NOUVEAU! Acc&egrave;s au lac Carillondomaine de la rivi&egrave;re des pins 30 magnifiques terrains enti\u00e8rement bois\u00e9s dont 7 riverains \u00e0 la rivi\u00e8re des Pins! Site exceptionnel pour sa beaut\u00e9 et sa diversit\u00e9! Tout nos terrains sont constructibles 4 saisons incluant les services d\u2019Hydro-Qu\u00e9bec et ont un minimum de 200\u2019 de fa\u00e7ade et sont tous tr\u00e8s intimes. Chaque terrain a son chemin ... Read More","og_url":"https:\/\/rousseaudeveloppements.com\/domaine-de-la-riviere-des-pins\/","og_site_name":"Domaine de la rivi\u00e8re des pins","article_publisher":"https:\/\/www.facebook.com\/domainedulacamatte","article_modified_time":"2026-01-14T20:42:55+00:00","twitter_card":"summary_large_image","twitter_misc":{"Dur\u00e9e de lecture estim\u00e9e":"2 minutes"},"schema":{"@context":"https:\/\/schema.org","@graph":[{"@type":"WebPage","@id":"https:\/\/rousseaudeveloppements.com\/domaine-de-la-riviere-des-pins\/","url":"https:\/\/rousseaudeveloppements.com\/domaine-de-la-riviere-des-pins\/","name":"Domaine de la rivi\u00e8re des pins - Domaine de la rivi\u00e8re des pins","isPartOf":{"@id":"https:\/\/rousseaudeveloppements.com\/domaine-de-la-riviere-des-pins\/#website"},"datePublished":"2023-03-13T12:32:47+00:00","dateModified":"2026-01-14T20:42:55+00:00","breadcrumb":{"@id":"https:\/\/rousseaudeveloppements.com\/domaine-de-la-riviere-des-pins\/#breadcrumb"},"inLanguage":"fr-FR","potentialAction":[{"@type":"ReadAction","target":["https:\/\/rousseaudeveloppements.com\/domaine-de-la-riviere-des-pins\/"]}]},{"@type":"BreadcrumbList","@id":"https:\/\/rousseaudeveloppements.com\/domaine-de-la-riviere-des-pins\/#breadcrumb","itemListElement":[{"@type":"ListItem","position":1,"name":"Accueil","item":"https:\/\/rousseaudeveloppements.com\/domaine-de-la-riviere-des-pins\/"},{"@type":"ListItem","position":2,"name":"Domaine de la rivi\u00e8re des pins"}]},{"@type":"WebSite","@id":"https:\/\/rousseaudeveloppements.com\/domaine-de-la-riviere-des-pins\/#website","url":"https:\/\/rousseaudeveloppements.com\/domaine-de-la-riviere-des-pins\/","name":"Domaine de la rivi\u00e8re des pins","description":"Domaine de la rivi\u00e8re des pins","publisher":{"@id":"https:\/\/rousseaudeveloppements.com\/domaine-de-la-riviere-des-pins\/#organization"},"potentialAction":[{"@type":"SearchAction","target":{"@type":"EntryPoint","urlTemplate":"https:\/\/rousseaudeveloppements.com\/domaine-de-la-riviere-des-pins\/?s={search_term_string}"},"query-input":{"@type":"PropertyValueSpecification","valueRequired":true,"valueName":"search_term_string"}}],"inLanguage":"fr-FR"},{"@type":"Organization","@id":"https:\/\/rousseaudeveloppements.com\/domaine-de-la-riviere-des-pins\/#organization","name":"Domaine de la rivi\u00e8re des pins","url":"https:\/\/rousseaudeveloppements.com\/domaine-de-la-riviere-des-pins\/","logo":{"@type":"ImageObject","inLanguage":"fr-FR","@id":"https:\/\/rousseaudeveloppements.com\/domaine-de-la-riviere-des-pins\/#\/schema\/logo\/image\/","url":"https:\/\/rousseaudeveloppements.com\/domaine-de-la-riviere-des-pins\/wp-content\/uploads\/2023\/03\/cropped-domaine-lac-a-matte-512.jpg","contentUrl":"https:\/\/rousseaudeveloppements.com\/domaine-de-la-riviere-des-pins\/wp-content\/uploads\/2023\/03\/cropped-domaine-lac-a-matte-512.jpg","width":512,"height":512,"caption":"Domaine de la rivi\u00e8re des pins"},"image":{"@id":"https:\/\/rousseaudeveloppements.com\/domaine-de-la-riviere-des-pins\/#\/schema\/logo\/image\/"},"sameAs":["https:\/\/www.facebook.com\/domainedulacamatte","https:\/\/www.instagram.com\/domainedulacamatte\/"]}]}},"_links":{"self":[{"href":"https:\/\/rousseaudeveloppements.com\/domaine-de-la-riviere-des-pins\/wp-json\/wp\/v2\/pages\/2","targetHints":{"allow":["GET"]}}],"collection":[{"href":"https:\/\/rousseaudeveloppements.com\/domaine-de-la-riviere-des-pins\/wp-json\/wp\/v2\/pages"}],"about":[{"href":"https:\/\/rousseaudeveloppements.com\/domaine-de-la-riviere-des-pins\/wp-json\/wp\/v2\/types\/page"}],"author":[{"embeddable":true,"href":"https:\/\/rousseaudeveloppements.com\/domaine-de-la-riviere-des-pins\/wp-json\/wp\/v2\/users\/1"}],"replies":[{"embeddable":true,"href":"https:\/\/rousseaudeveloppements.com\/domaine-de-la-riviere-des-pins\/wp-json\/wp\/v2\/comments?post=2"}],"version-history":[{"count":30,"href":"https:\/\/rousseaudeveloppements.com\/domaine-de-la-riviere-des-pins\/wp-json\/wp\/v2\/pages\/2\/revisions"}],"predecessor-version":[{"id":776,"href":"https:\/\/rousseaudeveloppements.com\/domaine-de-la-riviere-des-pins\/wp-json\/wp\/v2\/pages\/2\/revisions\/776"}],"wp:attachment":[{"href":"https:\/\/rousseaudeveloppements.com\/domaine-de-la-riviere-des-pins\/wp-json\/wp\/v2\/media?parent=2"}],"wp:term":[{"taxonomy":"category","embeddable":true,"href":"https:\/\/rousseaudeveloppements.com\/domaine-de-la-riviere-des-pins\/wp-json\/wp\/v2\/categories?post=2"},{"taxonomy":"post_tag","embeddable":true,"href":"https:\/\/rousseaudeveloppements.com\/domaine-de-la-riviere-des-pins\/wp-json\/wp\/v2\/tags?post=2"},{"taxonomy":"folder","embeddable":true,"href":"https:\/\/rousseaudeveloppements.com\/domaine-de-la-riviere-des-pins\/wp-json\/wp\/v2\/folder?post=2"}],"curies":[{"name":"wp","href":"https:\/\/api.w.org\/{rel}","templated":true}]}}