{"id":2,"date":"2023-03-13T12:32:47","date_gmt":"2023-03-13T12:32:47","guid":{"rendered":"https:\/\/rousseaudeveloppements.com\/Domaine-du-lac-a-matte\/?page_id=2"},"modified":"2024-11-27T13:40:57","modified_gmt":"2024-11-27T13:40:57","slug":"domaine-du-lac-a-matte","status":"publish","type":"page","link":"https:\/\/rousseaudeveloppements.com\/Domaine-du-lac-a-matte\/","title":{"rendered":"Domaine du lac \u00e0 Matte"},"content":{"rendered":"<div id=\"cs-content\" class=\"cs-content\"><div class=\"x-section e2-e1 m2-0 m2-1\"><div class=\"x-row e2-e2 m2-4 m2-5 m2-7\"><div class=\"x-row-inner\"><div class=\"x-col e2-e3 m2-9 m2-a m2-b\"><span class=\"x-image e2-e4 m2-i\"><img decoding=\"async\" src=\"https:\/\/rousseaudeveloppements.com\/Domaine-du-lac-a-matte\/wp-content\/uploads\/2023\/03\/accueil.png\" width=\"134\" height=\"400\" alt=\"Image\" loading=\"lazy\"><\/span><\/div><div class=\"x-col e2-e5 m2-9 m2-a m2-c\"><div class=\"x-text x-content e2-e6 m2-j\"><p>D\u00e9couvrez nos terrains. Le domaine du lac \u00e0 Matte se situe sur un site d\u2019exception de plus de 80 hectares (ou plus de 8 000 000 p2) de nature vierge pour se balader en for\u00eat dans les nombreux sentiers accessibles ou sur les eaux des divers lacs et rivi\u00e8res \u00e0 proximit\u00e9. Une panoplie d\u2019activit\u00e9s sont \u00e0 votre port\u00e9e.<br \/>\nLe nouveau d\u00e9veloppement compte 34 terrains en montagne avec un acc\u00e8s au lac \u00e0 Matte (commun et priv\u00e9). Le site sera desservi par le r\u00e9seau \u00e9lectrique et vous pourrez y construire votre chalet de r\u00eave familial ou y \u00e9riger un projet chalet locatif court terme tr\u00e8s rentable.<br \/>\nVenez voir nos terrains dont les dimensions sont dignes d\u2019une terre \u00e0 bois (200 000 p2\u00a0en moyenne) et construisez votre petit domaine priv\u00e9 de chasse avec vue sur les montagnes ou sur la rivi\u00e8re des Pins! Le domaine du lac \u00e0 Matte est facilement accessible 12 mois par ann\u00e9e \u00e0 moins de 1h15 h de Qu\u00e9bec et de 2 heures de Montr\u00e9al.<\/p><\/div><\/div><\/div><\/div><\/div><div class=\"x-section e2-e7 m2-0 m2-2\"><div class=\"x-row x-container max width e2-e8 m2-4 m2-6 m2-8\"><div class=\"x-row-inner\"><a class=\"x-col e2-e9 m2-9 m2-d m2-e m2-3\" href=\"https:\/\/rousseaudeveloppements.com\/Domaine-du-lac-a-matte\/terrains\/\" data-x-effect=\"{&quot;durationBase&quot;:&quot;300ms&quot;}\"><div class=\"x-bg\" aria-hidden=\"true\"><div class=\"x-bg-layer-lower-image\"><\/div><\/div><div class=\"x-text x-text-headline e2-e10 m2-k\"><div class=\"x-text-content\"><div class=\"x-text-content-text\"><h1 class=\"x-text-content-text-primary\">TERRAINS<\/h1>\n<\/div><\/div><\/div><\/a><a class=\"x-col e2-e11 m2-9 m2-d m2-f m2-g m2-3\" href=\"https:\/\/rousseaudeveloppements.com\/Domaine-du-lac-a-matte\/attraits-2\/\" data-x-effect=\"{&quot;durationBase&quot;:&quot;300ms&quot;}\"><div class=\"x-bg\" aria-hidden=\"true\"><div class=\"x-bg-layer-lower-image\"><\/div><\/div><div class=\"x-text x-text-headline e2-e12 m2-k\"><div class=\"x-text-content\"><div class=\"x-text-content-text\"><h1 class=\"x-text-content-text-primary\">ATTRAITS<\/h1>\n<\/div><\/div><\/div><\/a><div class=\"x-col e2-e13 m2-9 m2-d m2-f m2-h m2-3\" data-x-effect=\"{&quot;durationBase&quot;:&quot;300ms&quot;}\"><div class=\"x-bg\" aria-hidden=\"true\"><div class=\"x-bg-layer-lower-image\"><\/div><\/div><a href=\"https:\/\/rousseaudeveloppements.com\/Domaine-du-lac-a-matte\/expertise-2\/\" class=\"x-text x-text-headline e2-e14 m2-k\"><div class=\"x-text-content\"><div class=\"x-text-content-text\"><h1 class=\"x-text-content-text-primary\">EXPERTISE<\/h1>\n<\/div><\/div><\/a><\/div><\/div><\/div><\/div><\/div>\n","protected":false},"excerpt":{"rendered":"<p>D\u00e9couvrez nos terrains. Le domaine du lac \u00e0 Matte se situe sur un site d\u2019exception de plus de 80 hectares (ou plus de 8 000 000 p2) de nature vierge pour se balader en for\u00eat dans les nombreux sentiers accessibles ou sur les eaux des divers lacs et rivi\u00e8res \u00e0 proximit\u00e9. Une panoplie d\u2019activit\u00e9s sont \u00e0 votre port\u00e9e. Le nouveau &#8230; <\/p>\n<div><a href=\"https:\/\/rousseaudeveloppements.com\/Domaine-du-lac-a-matte\/\" class=\"more-link\">Read More<\/a><\/div>\n","protected":false},"author":1,"featured_media":0,"parent":0,"menu_order":0,"comment_status":"closed","ping_status":"open","template":"","meta":{"cybocfi_hide_featured_image":"","footnotes":""},"categories":[],"tags":[],"folder":[2],"class_list":["post-2","page","type-page","status-publish","hentry","no-post-thumbnail"],"yoast_head":"<!-- This site is optimized with the Yoast SEO plugin v25.8 - https:\/\/yoast.com\/wordpress\/plugins\/seo\/ -->\n<title>Domaine du lac \u00e0 Matte - Domaine du Lac \u00e0 Matte<\/title>\n<meta name=\"robots\" content=\"index, follow, max-snippet:-1, max-image-preview:large, max-video-preview:-1\" \/>\n<link rel=\"canonical\" href=\"https:\/\/rousseaudeveloppements.com\/Domaine-du-lac-a-matte\/\" \/>\n<meta property=\"og:locale\" content=\"fr_FR\" \/>\n<meta property=\"og:type\" content=\"article\" \/>\n<meta property=\"og:title\" content=\"Domaine du lac \u00e0 Matte - Domaine du Lac \u00e0 Matte\" \/>\n<meta property=\"og:description\" content=\"D\u00e9couvrez nos terrains. Le domaine du lac \u00e0 Matte se situe sur un site d\u2019exception de plus de 80 hectares (ou plus de 8 000 000 p2) de nature vierge pour se balader en for\u00eat dans les nombreux sentiers accessibles ou sur les eaux des divers lacs et rivi\u00e8res \u00e0 proximit\u00e9. Une panoplie d\u2019activit\u00e9s sont \u00e0 votre port\u00e9e. Le nouveau ... Read More\" \/>\n<meta property=\"og:url\" content=\"https:\/\/rousseaudeveloppements.com\/Domaine-du-lac-a-matte\/\" \/>\n<meta property=\"og:site_name\" content=\"Domaine du Lac \u00e0 Matte\" \/>\n<meta property=\"article:publisher\" content=\"https:\/\/www.facebook.com\/domainedulacamatte\" \/>\n<meta property=\"article:modified_time\" content=\"2024-11-27T13:40:57+00:00\" \/>\n<meta name=\"twitter:card\" content=\"summary_large_image\" \/>\n<meta name=\"twitter:label1\" content=\"Dur\u00e9e de lecture estim\u00e9e\" \/>\n\t<meta name=\"twitter:data1\" content=\"2 minutes\" \/>\n<script type=\"application\/ld+json\" class=\"yoast-schema-graph\">{\"@context\":\"https:\/\/schema.org\",\"@graph\":[{\"@type\":\"WebPage\",\"@id\":\"https:\/\/rousseaudeveloppements.com\/Domaine-du-lac-a-matte\/\",\"url\":\"https:\/\/rousseaudeveloppements.com\/Domaine-du-lac-a-matte\/\",\"name\":\"Domaine du lac \u00e0 Matte - Domaine du Lac \u00e0 Matte\",\"isPartOf\":{\"@id\":\"https:\/\/rousseaudeveloppements.com\/Domaine-du-lac-a-matte\/#website\"},\"datePublished\":\"2023-03-13T12:32:47+00:00\",\"dateModified\":\"2024-11-27T13:40:57+00:00\",\"breadcrumb\":{\"@id\":\"https:\/\/rousseaudeveloppements.com\/Domaine-du-lac-a-matte\/#breadcrumb\"},\"inLanguage\":\"fr-FR\",\"potentialAction\":[{\"@type\":\"ReadAction\",\"target\":[\"https:\/\/rousseaudeveloppements.com\/Domaine-du-lac-a-matte\/\"]}]},{\"@type\":\"BreadcrumbList\",\"@id\":\"https:\/\/rousseaudeveloppements.com\/Domaine-du-lac-a-matte\/#breadcrumb\",\"itemListElement\":[{\"@type\":\"ListItem\",\"position\":1,\"name\":\"Accueil\",\"item\":\"https:\/\/rousseaudeveloppements.com\/Domaine-du-lac-a-matte\/\"},{\"@type\":\"ListItem\",\"position\":2,\"name\":\"Domaine du lac \u00e0 Matte\"}]},{\"@type\":\"WebSite\",\"@id\":\"https:\/\/rousseaudeveloppements.com\/Domaine-du-lac-a-matte\/#website\",\"url\":\"https:\/\/rousseaudeveloppements.com\/Domaine-du-lac-a-matte\/\",\"name\":\"Domaine du Lac \u00e0 Matte\",\"description\":\"Domaine du Lac \u00e0 Matte\",\"publisher\":{\"@id\":\"https:\/\/rousseaudeveloppements.com\/Domaine-du-lac-a-matte\/#organization\"},\"potentialAction\":[{\"@type\":\"SearchAction\",\"target\":{\"@type\":\"EntryPoint\",\"urlTemplate\":\"https:\/\/rousseaudeveloppements.com\/Domaine-du-lac-a-matte\/?s={search_term_string}\"},\"query-input\":{\"@type\":\"PropertyValueSpecification\",\"valueRequired\":true,\"valueName\":\"search_term_string\"}}],\"inLanguage\":\"fr-FR\"},{\"@type\":\"Organization\",\"@id\":\"https:\/\/rousseaudeveloppements.com\/Domaine-du-lac-a-matte\/#organization\",\"name\":\"Domaine du Lac \u00e0 Matte\",\"url\":\"https:\/\/rousseaudeveloppements.com\/Domaine-du-lac-a-matte\/\",\"logo\":{\"@type\":\"ImageObject\",\"inLanguage\":\"fr-FR\",\"@id\":\"https:\/\/rousseaudeveloppements.com\/Domaine-du-lac-a-matte\/#\/schema\/logo\/image\/\",\"url\":\"https:\/\/rousseaudeveloppements.com\/Domaine-du-lac-a-matte\/wp-content\/uploads\/2023\/03\/cropped-domaine-lac-a-matte-512.jpg\",\"contentUrl\":\"https:\/\/rousseaudeveloppements.com\/Domaine-du-lac-a-matte\/wp-content\/uploads\/2023\/03\/cropped-domaine-lac-a-matte-512.jpg\",\"width\":512,\"height\":512,\"caption\":\"Domaine du Lac \u00e0 Matte\"},\"image\":{\"@id\":\"https:\/\/rousseaudeveloppements.com\/Domaine-du-lac-a-matte\/#\/schema\/logo\/image\/\"},\"sameAs\":[\"https:\/\/www.facebook.com\/domainedulacamatte\",\"https:\/\/www.instagram.com\/domainedulacamatte\/\"]}]}<\/script>\n<!-- \/ Yoast SEO plugin. -->","yoast_head_json":{"title":"Domaine du lac \u00e0 Matte - Domaine du Lac \u00e0 Matte","robots":{"index":"index","follow":"follow","max-snippet":"max-snippet:-1","max-image-preview":"max-image-preview:large","max-video-preview":"max-video-preview:-1"},"canonical":"https:\/\/rousseaudeveloppements.com\/Domaine-du-lac-a-matte\/","og_locale":"fr_FR","og_type":"article","og_title":"Domaine du lac \u00e0 Matte - Domaine du Lac \u00e0 Matte","og_description":"D\u00e9couvrez nos terrains. Le domaine du lac \u00e0 Matte se situe sur un site d\u2019exception de plus de 80 hectares (ou plus de 8 000 000 p2) de nature vierge pour se balader en for\u00eat dans les nombreux sentiers accessibles ou sur les eaux des divers lacs et rivi\u00e8res \u00e0 proximit\u00e9. Une panoplie d\u2019activit\u00e9s sont \u00e0 votre port\u00e9e. Le nouveau ... Read More","og_url":"https:\/\/rousseaudeveloppements.com\/Domaine-du-lac-a-matte\/","og_site_name":"Domaine du Lac \u00e0 Matte","article_publisher":"https:\/\/www.facebook.com\/domainedulacamatte","article_modified_time":"2024-11-27T13:40:57+00:00","twitter_card":"summary_large_image","twitter_misc":{"Dur\u00e9e de lecture estim\u00e9e":"2 minutes"},"schema":{"@context":"https:\/\/schema.org","@graph":[{"@type":"WebPage","@id":"https:\/\/rousseaudeveloppements.com\/Domaine-du-lac-a-matte\/","url":"https:\/\/rousseaudeveloppements.com\/Domaine-du-lac-a-matte\/","name":"Domaine du lac \u00e0 Matte - Domaine du Lac \u00e0 Matte","isPartOf":{"@id":"https:\/\/rousseaudeveloppements.com\/Domaine-du-lac-a-matte\/#website"},"datePublished":"2023-03-13T12:32:47+00:00","dateModified":"2024-11-27T13:40:57+00:00","breadcrumb":{"@id":"https:\/\/rousseaudeveloppements.com\/Domaine-du-lac-a-matte\/#breadcrumb"},"inLanguage":"fr-FR","potentialAction":[{"@type":"ReadAction","target":["https:\/\/rousseaudeveloppements.com\/Domaine-du-lac-a-matte\/"]}]},{"@type":"BreadcrumbList","@id":"https:\/\/rousseaudeveloppements.com\/Domaine-du-lac-a-matte\/#breadcrumb","itemListElement":[{"@type":"ListItem","position":1,"name":"Accueil","item":"https:\/\/rousseaudeveloppements.com\/Domaine-du-lac-a-matte\/"},{"@type":"ListItem","position":2,"name":"Domaine du lac \u00e0 Matte"}]},{"@type":"WebSite","@id":"https:\/\/rousseaudeveloppements.com\/Domaine-du-lac-a-matte\/#website","url":"https:\/\/rousseaudeveloppements.com\/Domaine-du-lac-a-matte\/","name":"Domaine du Lac \u00e0 Matte","description":"Domaine du Lac \u00e0 Matte","publisher":{"@id":"https:\/\/rousseaudeveloppements.com\/Domaine-du-lac-a-matte\/#organization"},"potentialAction":[{"@type":"SearchAction","target":{"@type":"EntryPoint","urlTemplate":"https:\/\/rousseaudeveloppements.com\/Domaine-du-lac-a-matte\/?s={search_term_string}"},"query-input":{"@type":"PropertyValueSpecification","valueRequired":true,"valueName":"search_term_string"}}],"inLanguage":"fr-FR"},{"@type":"Organization","@id":"https:\/\/rousseaudeveloppements.com\/Domaine-du-lac-a-matte\/#organization","name":"Domaine du Lac \u00e0 Matte","url":"https:\/\/rousseaudeveloppements.com\/Domaine-du-lac-a-matte\/","logo":{"@type":"ImageObject","inLanguage":"fr-FR","@id":"https:\/\/rousseaudeveloppements.com\/Domaine-du-lac-a-matte\/#\/schema\/logo\/image\/","url":"https:\/\/rousseaudeveloppements.com\/Domaine-du-lac-a-matte\/wp-content\/uploads\/2023\/03\/cropped-domaine-lac-a-matte-512.jpg","contentUrl":"https:\/\/rousseaudeveloppements.com\/Domaine-du-lac-a-matte\/wp-content\/uploads\/2023\/03\/cropped-domaine-lac-a-matte-512.jpg","width":512,"height":512,"caption":"Domaine du Lac \u00e0 Matte"},"image":{"@id":"https:\/\/rousseaudeveloppements.com\/Domaine-du-lac-a-matte\/#\/schema\/logo\/image\/"},"sameAs":["https:\/\/www.facebook.com\/domainedulacamatte","https:\/\/www.instagram.com\/domainedulacamatte\/"]}]}},"_links":{"self":[{"href":"https:\/\/rousseaudeveloppements.com\/Domaine-du-lac-a-matte\/wp-json\/wp\/v2\/pages\/2","targetHints":{"allow":["GET"]}}],"collection":[{"href":"https:\/\/rousseaudeveloppements.com\/Domaine-du-lac-a-matte\/wp-json\/wp\/v2\/pages"}],"about":[{"href":"https:\/\/rousseaudeveloppements.com\/Domaine-du-lac-a-matte\/wp-json\/wp\/v2\/types\/page"}],"author":[{"embeddable":true,"href":"https:\/\/rousseaudeveloppements.com\/Domaine-du-lac-a-matte\/wp-json\/wp\/v2\/users\/1"}],"replies":[{"embeddable":true,"href":"https:\/\/rousseaudeveloppements.com\/Domaine-du-lac-a-matte\/wp-json\/wp\/v2\/comments?post=2"}],"version-history":[{"count":17,"href":"https:\/\/rousseaudeveloppements.com\/Domaine-du-lac-a-matte\/wp-json\/wp\/v2\/pages\/2\/revisions"}],"predecessor-version":[{"id":422,"href":"https:\/\/rousseaudeveloppements.com\/Domaine-du-lac-a-matte\/wp-json\/wp\/v2\/pages\/2\/revisions\/422"}],"wp:attachment":[{"href":"https:\/\/rousseaudeveloppements.com\/Domaine-du-lac-a-matte\/wp-json\/wp\/v2\/media?parent=2"}],"wp:term":[{"taxonomy":"category","embeddable":true,"href":"https:\/\/rousseaudeveloppements.com\/Domaine-du-lac-a-matte\/wp-json\/wp\/v2\/categories?post=2"},{"taxonomy":"post_tag","embeddable":true,"href":"https:\/\/rousseaudeveloppements.com\/Domaine-du-lac-a-matte\/wp-json\/wp\/v2\/tags?post=2"},{"taxonomy":"folder","embeddable":true,"href":"https:\/\/rousseaudeveloppements.com\/Domaine-du-lac-a-matte\/wp-json\/wp\/v2\/folder?post=2"}],"curies":[{"name":"wp","href":"https:\/\/api.w.org\/{rel}","templated":true}]}}