{"id":155,"date":"2023-03-15T17:54:58","date_gmt":"2023-03-15T17:54:58","guid":{"rendered":"https:\/\/rousseaudeveloppements.com\/Domaine-du-lac-a-matte\/?page_id=155"},"modified":"2023-12-11T20:39:55","modified_gmt":"2023-12-11T20:39:55","slug":"terrain-17","status":"publish","type":"page","link":"https:\/\/rousseaudeveloppements.com\/Domaine-du-lac-a-matte\/terrains\/terrain-17\/","title":{"rendered":"Terrain 17 \/ VENDU"},"content":{"rendered":"<p>Tr\u00e8s grand terrain avec vue magnifique sur les montagnes, beau plateau pour la construction, belle intimit\u00e9 et facile d\u2019acc\u00e8s.<\/p>\n<h5><strong>SUPERFICIE : 26 742m\u00b2<br \/>\n<\/strong><strong>PRIX : VENDU<br \/>\n<\/strong><\/h5>\n","protected":false},"excerpt":{"rendered":"<p>Tr\u00e8s grand terrain avec vue magnifique sur les montagnes, beau plateau pour la construction, belle intimit\u00e9 et facile d\u2019acc\u00e8s. SUPERFICIE : 26 742m\u00b2 PRIX : VENDU<\/p>\n","protected":false},"author":2,"featured_media":56,"parent":95,"menu_order":0,"comment_status":"closed","ping_status":"closed","template":"","meta":{"cybocfi_hide_featured_image":"","footnotes":""},"categories":[7],"tags":[],"folder":[4],"class_list":["post-155","page","type-page","status-publish","has-post-thumbnail","hentry","category-vendu"],"yoast_head":"<!-- This site is optimized with the Yoast SEO plugin v25.8 - https:\/\/yoast.com\/wordpress\/plugins\/seo\/ -->\n<title>Terrain 17 \/ VENDU - Domaine du Lac \u00e0 Matte<\/title>\n<meta name=\"robots\" content=\"index, follow, max-snippet:-1, max-image-preview:large, max-video-preview:-1\" \/>\n<link rel=\"canonical\" href=\"https:\/\/rousseaudeveloppements.com\/Domaine-du-lac-a-matte\/terrains\/terrain-17\/\" \/>\n<meta property=\"og:locale\" content=\"fr_FR\" \/>\n<meta property=\"og:type\" content=\"article\" \/>\n<meta property=\"og:title\" content=\"Terrain 17 \/ VENDU - Domaine du Lac \u00e0 Matte\" \/>\n<meta property=\"og:description\" content=\"Tr\u00e8s grand terrain avec vue magnifique sur les montagnes, beau plateau pour la construction, belle intimit\u00e9 et facile d\u2019acc\u00e8s. SUPERFICIE : 26 742m\u00b2 PRIX : VENDU\" \/>\n<meta property=\"og:url\" content=\"https:\/\/rousseaudeveloppements.com\/Domaine-du-lac-a-matte\/terrains\/terrain-17\/\" \/>\n<meta property=\"og:site_name\" content=\"Domaine du Lac \u00e0 Matte\" \/>\n<meta property=\"article:publisher\" content=\"https:\/\/www.facebook.com\/domainedulacamatte\" \/>\n<meta property=\"article:modified_time\" content=\"2023-12-11T20:39:55+00:00\" \/>\n<meta property=\"og:image\" content=\"https:\/\/rousseaudeveloppements.com\/Domaine-du-lac-a-matte\/wp-content\/uploads\/2023\/03\/Photo-2021-10-04-09-06-41-768x1024-1.jpg\" \/>\n\t<meta property=\"og:image:width\" content=\"768\" \/>\n\t<meta property=\"og:image:height\" content=\"1024\" \/>\n\t<meta property=\"og:image:type\" content=\"image\/jpeg\" \/>\n<meta name=\"twitter:card\" content=\"summary_large_image\" \/>\n<meta name=\"twitter:label1\" content=\"Dur\u00e9e de lecture estim\u00e9e\" \/>\n\t<meta name=\"twitter:data1\" content=\"1 minute\" \/>\n<script type=\"application\/ld+json\" class=\"yoast-schema-graph\">{\"@context\":\"https:\/\/schema.org\",\"@graph\":[{\"@type\":\"WebPage\",\"@id\":\"https:\/\/rousseaudeveloppements.com\/Domaine-du-lac-a-matte\/terrains\/terrain-17\/\",\"url\":\"https:\/\/rousseaudeveloppements.com\/Domaine-du-lac-a-matte\/terrains\/terrain-17\/\",\"name\":\"Terrain 17 \/ VENDU - Domaine du Lac \u00e0 Matte\",\"isPartOf\":{\"@id\":\"https:\/\/rousseaudeveloppements.com\/Domaine-du-lac-a-matte\/#website\"},\"primaryImageOfPage\":{\"@id\":\"https:\/\/rousseaudeveloppements.com\/Domaine-du-lac-a-matte\/terrains\/terrain-17\/#primaryimage\"},\"image\":{\"@id\":\"https:\/\/rousseaudeveloppements.com\/Domaine-du-lac-a-matte\/terrains\/terrain-17\/#primaryimage\"},\"thumbnailUrl\":\"https:\/\/rousseaudeveloppements.com\/Domaine-du-lac-a-matte\/wp-content\/uploads\/2023\/03\/Photo-2021-10-04-09-06-41-768x1024-1.jpg\",\"datePublished\":\"2023-03-15T17:54:58+00:00\",\"dateModified\":\"2023-12-11T20:39:55+00:00\",\"breadcrumb\":{\"@id\":\"https:\/\/rousseaudeveloppements.com\/Domaine-du-lac-a-matte\/terrains\/terrain-17\/#breadcrumb\"},\"inLanguage\":\"fr-FR\",\"potentialAction\":[{\"@type\":\"ReadAction\",\"target\":[\"https:\/\/rousseaudeveloppements.com\/Domaine-du-lac-a-matte\/terrains\/terrain-17\/\"]}]},{\"@type\":\"ImageObject\",\"inLanguage\":\"fr-FR\",\"@id\":\"https:\/\/rousseaudeveloppements.com\/Domaine-du-lac-a-matte\/terrains\/terrain-17\/#primaryimage\",\"url\":\"https:\/\/rousseaudeveloppements.com\/Domaine-du-lac-a-matte\/wp-content\/uploads\/2023\/03\/Photo-2021-10-04-09-06-41-768x1024-1.jpg\",\"contentUrl\":\"https:\/\/rousseaudeveloppements.com\/Domaine-du-lac-a-matte\/wp-content\/uploads\/2023\/03\/Photo-2021-10-04-09-06-41-768x1024-1.jpg\",\"width\":768,\"height\":1024},{\"@type\":\"BreadcrumbList\",\"@id\":\"https:\/\/rousseaudeveloppements.com\/Domaine-du-lac-a-matte\/terrains\/terrain-17\/#breadcrumb\",\"itemListElement\":[{\"@type\":\"ListItem\",\"position\":1,\"name\":\"Accueil\",\"item\":\"https:\/\/rousseaudeveloppements.com\/Domaine-du-lac-a-matte\/\"},{\"@type\":\"ListItem\",\"position\":2,\"name\":\"Terrains\",\"item\":\"https:\/\/rousseaudeveloppements.com\/Domaine-du-lac-a-matte\/terrains\/\"},{\"@type\":\"ListItem\",\"position\":3,\"name\":\"Terrain 17 \/ VENDU\"}]},{\"@type\":\"WebSite\",\"@id\":\"https:\/\/rousseaudeveloppements.com\/Domaine-du-lac-a-matte\/#website\",\"url\":\"https:\/\/rousseaudeveloppements.com\/Domaine-du-lac-a-matte\/\",\"name\":\"Domaine du Lac \u00e0 Matte\",\"description\":\"Domaine du Lac \u00e0 Matte\",\"publisher\":{\"@id\":\"https:\/\/rousseaudeveloppements.com\/Domaine-du-lac-a-matte\/#organization\"},\"potentialAction\":[{\"@type\":\"SearchAction\",\"target\":{\"@type\":\"EntryPoint\",\"urlTemplate\":\"https:\/\/rousseaudeveloppements.com\/Domaine-du-lac-a-matte\/?s={search_term_string}\"},\"query-input\":{\"@type\":\"PropertyValueSpecification\",\"valueRequired\":true,\"valueName\":\"search_term_string\"}}],\"inLanguage\":\"fr-FR\"},{\"@type\":\"Organization\",\"@id\":\"https:\/\/rousseaudeveloppements.com\/Domaine-du-lac-a-matte\/#organization\",\"name\":\"Domaine du Lac \u00e0 Matte\",\"url\":\"https:\/\/rousseaudeveloppements.com\/Domaine-du-lac-a-matte\/\",\"logo\":{\"@type\":\"ImageObject\",\"inLanguage\":\"fr-FR\",\"@id\":\"https:\/\/rousseaudeveloppements.com\/Domaine-du-lac-a-matte\/#\/schema\/logo\/image\/\",\"url\":\"https:\/\/rousseaudeveloppements.com\/Domaine-du-lac-a-matte\/wp-content\/uploads\/2023\/03\/cropped-domaine-lac-a-matte-512.jpg\",\"contentUrl\":\"https:\/\/rousseaudeveloppements.com\/Domaine-du-lac-a-matte\/wp-content\/uploads\/2023\/03\/cropped-domaine-lac-a-matte-512.jpg\",\"width\":512,\"height\":512,\"caption\":\"Domaine du Lac \u00e0 Matte\"},\"image\":{\"@id\":\"https:\/\/rousseaudeveloppements.com\/Domaine-du-lac-a-matte\/#\/schema\/logo\/image\/\"},\"sameAs\":[\"https:\/\/www.facebook.com\/domainedulacamatte\",\"https:\/\/www.instagram.com\/domainedulacamatte\/\"]}]}<\/script>\n<!-- \/ Yoast SEO plugin. -->","yoast_head_json":{"title":"Terrain 17 \/ VENDU - Domaine du Lac \u00e0 Matte","robots":{"index":"index","follow":"follow","max-snippet":"max-snippet:-1","max-image-preview":"max-image-preview:large","max-video-preview":"max-video-preview:-1"},"canonical":"https:\/\/rousseaudeveloppements.com\/Domaine-du-lac-a-matte\/terrains\/terrain-17\/","og_locale":"fr_FR","og_type":"article","og_title":"Terrain 17 \/ VENDU - Domaine du Lac \u00e0 Matte","og_description":"Tr\u00e8s grand terrain avec vue magnifique sur les montagnes, beau plateau pour la construction, belle intimit\u00e9 et facile d\u2019acc\u00e8s. SUPERFICIE : 26 742m\u00b2 PRIX : VENDU","og_url":"https:\/\/rousseaudeveloppements.com\/Domaine-du-lac-a-matte\/terrains\/terrain-17\/","og_site_name":"Domaine du Lac \u00e0 Matte","article_publisher":"https:\/\/www.facebook.com\/domainedulacamatte","article_modified_time":"2023-12-11T20:39:55+00:00","og_image":[{"width":768,"height":1024,"url":"https:\/\/rousseaudeveloppements.com\/Domaine-du-lac-a-matte\/wp-content\/uploads\/2023\/03\/Photo-2021-10-04-09-06-41-768x1024-1.jpg","type":"image\/jpeg"}],"twitter_card":"summary_large_image","twitter_misc":{"Dur\u00e9e de lecture estim\u00e9e":"1 minute"},"schema":{"@context":"https:\/\/schema.org","@graph":[{"@type":"WebPage","@id":"https:\/\/rousseaudeveloppements.com\/Domaine-du-lac-a-matte\/terrains\/terrain-17\/","url":"https:\/\/rousseaudeveloppements.com\/Domaine-du-lac-a-matte\/terrains\/terrain-17\/","name":"Terrain 17 \/ VENDU - Domaine du Lac \u00e0 Matte","isPartOf":{"@id":"https:\/\/rousseaudeveloppements.com\/Domaine-du-lac-a-matte\/#website"},"primaryImageOfPage":{"@id":"https:\/\/rousseaudeveloppements.com\/Domaine-du-lac-a-matte\/terrains\/terrain-17\/#primaryimage"},"image":{"@id":"https:\/\/rousseaudeveloppements.com\/Domaine-du-lac-a-matte\/terrains\/terrain-17\/#primaryimage"},"thumbnailUrl":"https:\/\/rousseaudeveloppements.com\/Domaine-du-lac-a-matte\/wp-content\/uploads\/2023\/03\/Photo-2021-10-04-09-06-41-768x1024-1.jpg","datePublished":"2023-03-15T17:54:58+00:00","dateModified":"2023-12-11T20:39:55+00:00","breadcrumb":{"@id":"https:\/\/rousseaudeveloppements.com\/Domaine-du-lac-a-matte\/terrains\/terrain-17\/#breadcrumb"},"inLanguage":"fr-FR","potentialAction":[{"@type":"ReadAction","target":["https:\/\/rousseaudeveloppements.com\/Domaine-du-lac-a-matte\/terrains\/terrain-17\/"]}]},{"@type":"ImageObject","inLanguage":"fr-FR","@id":"https:\/\/rousseaudeveloppements.com\/Domaine-du-lac-a-matte\/terrains\/terrain-17\/#primaryimage","url":"https:\/\/rousseaudeveloppements.com\/Domaine-du-lac-a-matte\/wp-content\/uploads\/2023\/03\/Photo-2021-10-04-09-06-41-768x1024-1.jpg","contentUrl":"https:\/\/rousseaudeveloppements.com\/Domaine-du-lac-a-matte\/wp-content\/uploads\/2023\/03\/Photo-2021-10-04-09-06-41-768x1024-1.jpg","width":768,"height":1024},{"@type":"BreadcrumbList","@id":"https:\/\/rousseaudeveloppements.com\/Domaine-du-lac-a-matte\/terrains\/terrain-17\/#breadcrumb","itemListElement":[{"@type":"ListItem","position":1,"name":"Accueil","item":"https:\/\/rousseaudeveloppements.com\/Domaine-du-lac-a-matte\/"},{"@type":"ListItem","position":2,"name":"Terrains","item":"https:\/\/rousseaudeveloppements.com\/Domaine-du-lac-a-matte\/terrains\/"},{"@type":"ListItem","position":3,"name":"Terrain 17 \/ VENDU"}]},{"@type":"WebSite","@id":"https:\/\/rousseaudeveloppements.com\/Domaine-du-lac-a-matte\/#website","url":"https:\/\/rousseaudeveloppements.com\/Domaine-du-lac-a-matte\/","name":"Domaine du Lac \u00e0 Matte","description":"Domaine du Lac \u00e0 Matte","publisher":{"@id":"https:\/\/rousseaudeveloppements.com\/Domaine-du-lac-a-matte\/#organization"},"potentialAction":[{"@type":"SearchAction","target":{"@type":"EntryPoint","urlTemplate":"https:\/\/rousseaudeveloppements.com\/Domaine-du-lac-a-matte\/?s={search_term_string}"},"query-input":{"@type":"PropertyValueSpecification","valueRequired":true,"valueName":"search_term_string"}}],"inLanguage":"fr-FR"},{"@type":"Organization","@id":"https:\/\/rousseaudeveloppements.com\/Domaine-du-lac-a-matte\/#organization","name":"Domaine du Lac \u00e0 Matte","url":"https:\/\/rousseaudeveloppements.com\/Domaine-du-lac-a-matte\/","logo":{"@type":"ImageObject","inLanguage":"fr-FR","@id":"https:\/\/rousseaudeveloppements.com\/Domaine-du-lac-a-matte\/#\/schema\/logo\/image\/","url":"https:\/\/rousseaudeveloppements.com\/Domaine-du-lac-a-matte\/wp-content\/uploads\/2023\/03\/cropped-domaine-lac-a-matte-512.jpg","contentUrl":"https:\/\/rousseaudeveloppements.com\/Domaine-du-lac-a-matte\/wp-content\/uploads\/2023\/03\/cropped-domaine-lac-a-matte-512.jpg","width":512,"height":512,"caption":"Domaine du Lac \u00e0 Matte"},"image":{"@id":"https:\/\/rousseaudeveloppements.com\/Domaine-du-lac-a-matte\/#\/schema\/logo\/image\/"},"sameAs":["https:\/\/www.facebook.com\/domainedulacamatte","https:\/\/www.instagram.com\/domainedulacamatte\/"]}]}},"_links":{"self":[{"href":"https:\/\/rousseaudeveloppements.com\/Domaine-du-lac-a-matte\/wp-json\/wp\/v2\/pages\/155","targetHints":{"allow":["GET"]}}],"collection":[{"href":"https:\/\/rousseaudeveloppements.com\/Domaine-du-lac-a-matte\/wp-json\/wp\/v2\/pages"}],"about":[{"href":"https:\/\/rousseaudeveloppements.com\/Domaine-du-lac-a-matte\/wp-json\/wp\/v2\/types\/page"}],"author":[{"embeddable":true,"href":"https:\/\/rousseaudeveloppements.com\/Domaine-du-lac-a-matte\/wp-json\/wp\/v2\/users\/2"}],"replies":[{"embeddable":true,"href":"https:\/\/rousseaudeveloppements.com\/Domaine-du-lac-a-matte\/wp-json\/wp\/v2\/comments?post=155"}],"version-history":[{"count":4,"href":"https:\/\/rousseaudeveloppements.com\/Domaine-du-lac-a-matte\/wp-json\/wp\/v2\/pages\/155\/revisions"}],"predecessor-version":[{"id":375,"href":"https:\/\/rousseaudeveloppements.com\/Domaine-du-lac-a-matte\/wp-json\/wp\/v2\/pages\/155\/revisions\/375"}],"up":[{"embeddable":true,"href":"https:\/\/rousseaudeveloppements.com\/Domaine-du-lac-a-matte\/wp-json\/wp\/v2\/pages\/95"}],"wp:featuredmedia":[{"embeddable":true,"href":"https:\/\/rousseaudeveloppements.com\/Domaine-du-lac-a-matte\/wp-json\/wp\/v2\/media\/56"}],"wp:attachment":[{"href":"https:\/\/rousseaudeveloppements.com\/Domaine-du-lac-a-matte\/wp-json\/wp\/v2\/media?parent=155"}],"wp:term":[{"taxonomy":"category","embeddable":true,"href":"https:\/\/rousseaudeveloppements.com\/Domaine-du-lac-a-matte\/wp-json\/wp\/v2\/categories?post=155"},{"taxonomy":"post_tag","embeddable":true,"href":"https:\/\/rousseaudeveloppements.com\/Domaine-du-lac-a-matte\/wp-json\/wp\/v2\/tags?post=155"},{"taxonomy":"folder","embeddable":true,"href":"https:\/\/rousseaudeveloppements.com\/Domaine-du-lac-a-matte\/wp-json\/wp\/v2\/folder?post=155"}],"curies":[{"name":"wp","href":"https:\/\/api.w.org\/{rel}","templated":true}]}}